{"id":1514,"date":"2025-09-16T10:39:42","date_gmt":"2025-09-16T08:39:42","guid":{"rendered":"https:\/\/3joint-inteo.umh.es\/?page_id=1514"},"modified":"2025-11-02T23:42:43","modified_gmt":"2025-11-02T22:42:43","slug":"ponentes","status":"publish","type":"page","link":"https:\/\/3joint-inteo.umh.es\/ca\/ponentes\/","title":{"rendered":"<span lang=\"es\">(Espa\u00f1ol) Ponentes<\/span>"},"content":{"rendered":"<p>[et_pb_section fb_built=&#8221;1&#8243; admin_label=&#8221;Hero section&#8221; _builder_version=&#8221;4.17.4&#8243; _module_preset=&#8221;default&#8221; use_background_color_gradient=&#8221;on&#8221; background_color_gradient_stops=&#8221;#283d4b 0%|rgba(81,133,163,0.76) 100%&#8221; background_color_gradient_overlays_image=&#8221;on&#8221; background_image=&#8221;https:\/\/3joint-inteo.umh.es\/files\/2025\/06\/Fondo-Web-III-Jornadas-Inteo-Fondo-Transparente-1920x1080px.png&#8221; background_position=&#8221;top_center&#8221; custom_margin=&#8221;|||&#8221; custom_padding=&#8221;0.5%||0.2%|||&#8221; locked=&#8221;off&#8221; global_colors_info=&#8221;{}&#8221;][et_pb_row column_structure=&#8221;2_3,1_3&#8243; _builder_version=&#8221;4.17.4&#8243; _module_preset=&#8221;default&#8221; custom_margin=&#8221;|||&#8221; global_colors_info=&#8221;{}&#8221;][et_pb_column type=&#8221;2_3&#8243; _builder_version=&#8221;4.16&#8243; _module_preset=&#8221;default&#8221; custom_padding=&#8221;1px|||&#8221; global_colors_info=&#8221;{}&#8221; custom_padding__hover=&#8221;|||&#8221;][et_pb_text _builder_version=&#8221;4.17.4&#8243; _module_preset=&#8221;default&#8221; text_font=&#8221;Open Sans||||||||&#8221; text_text_color=&#8221;#FFFFFF&#8221; text_font_size=&#8221;20px&#8221; text_line_height=&#8221;1.8em&#8221; header_font=&#8221;Open Sans|900|||||||&#8221; header_font_size=&#8221;80px&#8221; header_letter_spacing=&#8221;2px&#8221; header_line_height=&#8221;1.2em&#8221; background_layout=&#8221;dark&#8221; header_font_size_tablet=&#8221;46px&#8221; header_font_size_phone=&#8221;&#8221; header_font_size_last_edited=&#8221;on|tablet&#8221; global_colors_info=&#8221;{}&#8221;]<\/p>\n<h6><span style=\"color: #ffffff\"><strong><span style=\"font-size: xx-large\">Ponentes<\/span><\/strong><\/span><\/h6>\n<p><span style=\"color: #ffffff\"><span style=\"font-size: large\">Ponentes de las <em><strong>III Jornadas Internacionales InTeO<br \/><\/strong><\/em>del 27 al 28 de noviembre de 2025.<\/span><\/span><\/p>\n<p>[\/et_pb_text][\/et_pb_column][et_pb_column type=&#8221;1_3&#8243; _builder_version=&#8221;4.16&#8243; _module_preset=&#8221;default&#8221; custom_padding=&#8221;|||&#8221; global_colors_info=&#8221;{}&#8221; custom_padding__hover=&#8221;|||&#8221;][et_pb_image src=&#8221;https:\/\/3joint-inteo.umh.es\/files\/2025\/06\/Comunicaciones-3joint-1.png&#8221; title_text=&#8221;Comunicaciones-3joint&#8221; _builder_version=&#8221;4.17.4&#8243; _module_preset=&#8221;default&#8221; global_colors_info=&#8221;{}&#8221;][\/et_pb_image][\/et_pb_column][\/et_pb_row][\/et_pb_section][et_pb_section fb_built=&#8221;1&#8243; admin_label=&#8221;Features&#8221; _builder_version=&#8221;4.17.4&#8243; _module_preset=&#8221;default&#8221; background_enable_color=&#8221;off&#8221; custom_padding=&#8221;5px|0px|5px|0px||&#8221; locked=&#8221;off&#8221; global_colors_info=&#8221;{}&#8221;][et_pb_row _builder_version=&#8221;4.16&#8243; _module_preset=&#8221;default&#8221; custom_padding=&#8221;27px|0px|27px|0px&#8221; global_colors_info=&#8221;{}&#8221;][et_pb_column type=&#8221;4_4&#8243; _builder_version=&#8221;4.16&#8243; _module_preset=&#8221;default&#8221; custom_padding=&#8221;|||&#8221; global_colors_info=&#8221;{}&#8221; custom_padding__hover=&#8221;|||&#8221;][et_pb_text _builder_version=&#8221;4.17.4&#8243; _module_preset=&#8221;default&#8221; text_font=&#8221;||||||||&#8221; text_font_size=&#8221;16px&#8221; text_line_height=&#8221;1.8em&#8221; header_font=&#8221;||||||||&#8221; header_2_font=&#8221;Poppins||||||||&#8221; header_2_font_size=&#8221;28px&#8221; header_2_line_height=&#8221;1.4em&#8221; header_3_font=&#8221;||||||||&#8221; text_orientation=&#8221;center&#8221; max_width=&#8221;700px&#8221; module_alignment=&#8221;center&#8221; global_colors_info=&#8221;{}&#8221;]<\/p>\n<h2>Ponentes<\/h2>\n<p>[\/et_pb_text][et_pb_team_member name=&#8221;Anne G. Fisher&#8221; position=&#8221;ScD, OT, FAOTA&#8221; image_url=&#8221;https:\/\/3joint-inteo.umh.es\/files\/2025\/09\/Anne-Fisher-03-15-3.jpg&#8221; _builder_version=&#8221;4.17.4&#8243; _module_preset=&#8221;default&#8221; global_colors_info=&#8221;{}&#8221;]<\/p>\n<p>La profesora Fisher es profesora distinguida em\u00e9rita de la Universidad Estatal de Colorado (EE. UU.) y profesora em\u00e9rita de la Universidad de Ume\u00e5 (Suecia). Sus m\u00e1s de 50 a\u00f1os de experiencia como terapeuta ocupacional, cient\u00edfica ocupacional y educadora la han inspirado a desarrollar evaluaciones innovadoras de la calidad del desempe\u00f1o ocupacional y el Modelo del proceso de intervenci\u00f3n de terapia ocupacional (OTIPM). Recientemente, fue coautora del libro Powerful Practice: A Model for Authentic Occupational Therapy (Pr\u00e1ctica poderosa: un modelo para una terapia ocupacional aut\u00e9ntica). El OTIPM y este libro surgieron como una soluci\u00f3n a un desaf\u00edo com\u00fan: c\u00f3mo aprovechar todo el poder de la ocupaci\u00f3n en la pr\u00e1ctica, la educaci\u00f3n y la investigaci\u00f3n. En su conferencia, la profesora Fisher presentar\u00e1 c\u00f3mo y por qu\u00e9 desarroll\u00f3 el OTIPM y c\u00f3mo utilizarlo en la pr\u00e1ctica.<\/p>\n<p>T\u00edtulo de la ponencia: &#8220;Creating and Using a Model to Promote Occupation-centered Practice&#8221;.<\/p>\n<p>[\/et_pb_team_member][et_pb_divider color=&#8221;#0099aa&#8221; divider_weight=&#8221;3px&#8221; _builder_version=&#8221;4.17.4&#8243; _module_preset=&#8221;default&#8221; global_colors_info=&#8221;{}&#8221;][\/et_pb_divider][et_pb_team_member name=&#8221;Catana Brown&#8221; position=&#8221;PhD., OTR\/L, FAOTA &#8221; image_url=&#8221;https:\/\/3joint-inteo.umh.es\/files\/2025\/09\/Brown-Catana-182370-002-Copy.jpg&#8221; _builder_version=&#8221;4.17.4&#8243; _module_preset=&#8221;default&#8221; global_colors_info=&#8221;{}&#8221;]<\/p>\n<p>Catana Brown, PhD, OTR\/L, FAOTA, es Profesora Em\u00e9rita del Programa de Terapia Ocupacional de la Universidad Midwestern. Obtuvo su Licenciatura en Ciencias en Terapia Ocupacional en 1981 en la Universidad Estatal de Colorado, una Maestr\u00eda Avanzada en Terapia Ocupacional en la Universidad de Nueva York en 1994 y su Doctorado en Psicolog\u00eda Educativa con \u00e9nfasis en medici\u00f3n y estad\u00edstica en la Universidad de Kansas en 1999. Su pr\u00e1ctica se ha centrado en la salud mental. La Dra. Brown comenz\u00f3 a impartir docencia en 1991, y anteriormente ha ocupado puestos docentes en el Centro M\u00e9dico de la Universidad de Kansas y la Universidad Touro de Nevada. Como investigadora, ha recibido becas del Instituto Nacional de Investigaci\u00f3n y Rehabilitaci\u00f3n de la Discapacidad y del Instituto Nacional de Salud Mental. Es coautora, junto con Winnie Dunn, del Perfil Sensorial del Adolescente\/Adulto. Tambi\u00e9n es autora de The Evidence-Based Practitioner y, junto con Virginia Stoffel y Jaime Munoz, de Occupational Therapy for Mental Health y, m\u00e1s recientemente, de la 14.\u00aa edici\u00f3n de Willard and Spackman&#8217;s Occupational Therapy con Glen Gillen. Su investigaci\u00f3n se ha centrado en el procesamiento sensorial, la cognici\u00f3n, el bienestar y la vida en comunidad para personas con enfermedades mentales graves. Desarroll\u00f3 NEW-R, un programa de p\u00e9rdida de peso para personas con enfermedades mentales graves, en colaboraci\u00f3n con el Centro de Investigaci\u00f3n Psiqui\u00e1trica de la Universidad de Illinois en Chicago, intervenci\u00f3n que se ha adoptado en numerosos centros comunitarios de salud mental. Su investigaci\u00f3n actual con Winnie Dunn se centra en el desarrollo de una medida de interocepci\u00f3n para complementar el Perfil Sensorial del Adolescente\/Adulto.<\/p>\n<p>T\u00edtulo de la ponencia: \u201cThe Sensory Profile Interoception scale: The Intersection of Participation and Body Awareness\u201d<\/p>\n<p>[\/et_pb_team_member][et_pb_divider color=&#8221;#0099aa&#8221; divider_weight=&#8221;3px&#8221; _builder_version=&#8221;4.17.4&#8243; _module_preset=&#8221;default&#8221; global_colors_info=&#8221;{}&#8221;][\/et_pb_divider][et_pb_team_member name=&#8221;Aaron Eakman&#8221; position=&#8221;Ph.D., OTR\/L, FAOTA&#8221; image_url=&#8221;https:\/\/3joint-inteo.umh.es\/files\/2025\/09\/Aaron-Eakman-22-scaled.jpg&#8221; _builder_version=&#8221;4.17.4&#8243; _module_preset=&#8221;default&#8221; global_colors_info=&#8221;{}&#8221;]<\/p>\n<p>Presentamos al Dr. Aaron Eakman, Profesor Asociado y Miembro de la Asociaci\u00f3n Americana de Terapia Ocupacional (FAOTA). El Dr. Eakman es un destacado investigador en el campo de la ciencia ocupacional, con un doctorado por la University of Southern California.<\/p>\n<p>Su investigaci\u00f3n se centra en dos \u00e1reas fundamentales: el papel de la terapia ocupacional en la promoci\u00f3n de la salud del sue\u00f1o y el desarrollo de instrumentos para medir el impacto de la participaci\u00f3n en actividades significativas sobre la salud y el bienestar. Es un autor prol\u00edfico, conocido por su trabajo en el desarrollo de la \u201cEngagement in Meaningful Activities Survey\u201d (EMAS), una herramienta que ya ha sido adaptada internacionalmente.<\/p>\n<p>Su trabajo ha sido reconocido con importantes distinciones, incluyendo el prestigioso <b>Fulbright US Scholar Award<\/b>. En las III Jornadas Internacionales InTeO nos compartir\u00e1 parte de su valiosa experiencia en el campo.<\/p>\n<p>T\u00edtulo de la ponencia: &#8220;Engagement in Occupation and \u201cWell-Beingness&#8221;.<\/p>\n<p>[\/et_pb_team_member][et_pb_divider color=&#8221;#0099aa&#8221; divider_weight=&#8221;3px&#8221; _builder_version=&#8221;4.17.4&#8243; _module_preset=&#8221;default&#8221; global_colors_info=&#8221;{}&#8221;][\/et_pb_divider][et_pb_team_member name=&#8221;Silvia Lahuerta Mart\u00edn&#8221; position=&#8221;Ph.D.&#8221; image_url=&#8221;https:\/\/3joint-inteo.umh.es\/files\/2025\/10\/Silvia-LM.jpeg&#8221; _builder_version=&#8221;4.17.4&#8243; _module_preset=&#8221;default&#8221; global_colors_info=&#8221;{}&#8221;]<\/p>\n<p>Fisioterapeuta. Doctora en Investigaci\u00f3n en Ciencias de la Salud. Actualmente trabaja como investigadora postdoctoral en la Facultad de Ciencias de la Salud de Soria (Universidad de Valladolid). Adem\u00e1s, es una de las coordinadoras del Grupo COSMIN de Estudio de Propiedades de Medida en espa\u00f1ol.<\/p>\n<p>T\u00edtulo de la ponencia: \u201cCreaci\u00f3n de instrumentos de medida reportados por el paciente: uso de la metodolog\u00eda COSMIN\u201d.<\/p>\n<p>[\/et_pb_team_member][et_pb_divider color=&#8221;#0099aa&#8221; divider_weight=&#8221;3px&#8221; _builder_version=&#8221;4.17.4&#8243; _module_preset=&#8221;default&#8221; global_colors_info=&#8221;{}&#8221;][\/et_pb_divider][et_pb_team_member name=&#8221;Maria Jo\u00e3o Forjaz&#8221; position=&#8221;Ph.D.&#8221; image_url=&#8221;https:\/\/3joint-inteo.umh.es\/files\/2025\/10\/M-Joa\u0303o-Forjaz-junta.jpg&#8221; _builder_version=&#8221;4.17.4&#8243; _module_preset=&#8221;default&#8221; global_colors_info=&#8221;{}&#8221;]<\/p>\n<p>MJ Forjaz, doctora en psicolog\u00eda cl\u00ednica por la University of North Texas, es investigadora cient\u00edfica en el Centro Nacional de Epidemiolog\u00eda, Instituto de Salud Carlos III. Sus l\u00edneas de investigaci\u00f3n se centran en validaci\u00f3n de escalas y envejecimiento saludable. Es IP de grupo de la RICAPPS y presidenta de la Sociedad Espa\u00f1ola de Epidemiolog\u00eda.<\/p>\n<p>T\u00edtulo de la ponencia: &#8220;\u00bfSabes lo qu\u00e9 es el an\u00e1lisis Rasch?: Aplicaciones en terapia ocupacional&#8221;.<\/p>\n<p>[\/et_pb_team_member][et_pb_divider color=&#8221;#0099aa&#8221; divider_weight=&#8221;3px&#8221; _builder_version=&#8221;4.17.4&#8243; _module_preset=&#8221;default&#8221; global_colors_info=&#8221;{}&#8221;][\/et_pb_divider][\/et_pb_column][\/et_pb_row][\/et_pb_section][et_pb_section fb_built=&#8221;1&#8243; admin_label=&#8221;Download Now&#8221; _builder_version=&#8221;4.17.4&#8243; _module_preset=&#8221;default&#8221; use_background_color_gradient=&#8221;on&#8221; background_color_gradient_direction=&#8221;60deg&#8221; background_color_gradient_stops=&#8221;#1c8799 0%|#5fb2cc 100%&#8221; background_color_gradient_start=&#8221;#8834fd&#8221; background_color_gradient_end=&#8221;#c756ec&#8221; custom_margin=&#8221;||||false|false&#8221; custom_padding=&#8221;9px|0px|8px|0px|false|false&#8221; locked=&#8221;off&#8221; global_colors_info=&#8221;{}&#8221;][et_pb_row column_structure=&#8221;1_2,1_2&#8243; _builder_version=&#8221;4.17.4&#8243; _module_preset=&#8221;default&#8221; custom_padding=&#8221;5px||10px|||&#8221; global_colors_info=&#8221;{}&#8221;][et_pb_column type=&#8221;1_2&#8243; _builder_version=&#8221;4.17.4&#8243; _module_preset=&#8221;default&#8221; global_colors_info=&#8221;{}&#8221;][et_pb_text _builder_version=&#8221;4.17.4&#8243; _module_preset=&#8221;default&#8221; text_font=&#8221;||||||||&#8221; text_font_size=&#8221;16px&#8221; text_line_height=&#8221;1.8em&#8221; header_font=&#8221;||||||||&#8221; header_2_font=&#8221;Poppins||||||||&#8221; header_2_font_size=&#8221;28px&#8221; header_2_line_height=&#8221;1.4em&#8221; header_3_font=&#8221;||||||||&#8221; background_layout=&#8221;dark&#8221; max_width=&#8221;700px&#8221; module_alignment=&#8221;center&#8221; custom_margin=&#8221;30px||7px|||&#8221; global_colors_info=&#8221;{}&#8221;]<\/p>\n<h2 style=\"text-align: center\">VISUALIZA EL PROGRAMA<\/h2>\n<p>[\/et_pb_text][et_pb_button button_url=&#8221;@ET-DC@eyJkeW5hbWljIjp0cnVlLCJjb250ZW50IjoicG9zdF9saW5rX3VybF9wYWdlIiwic2V0dGluZ3MiOnsicG9zdF9pZCI6IjYxOSJ9fQ==@&#8221; button_text=&#8221;Ver el Programa&#8221; button_alignment=&#8221;center&#8221; _builder_version=&#8221;4.17.4&#8243; _dynamic_attributes=&#8221;button_url&#8221; _module_preset=&#8221;default&#8221; custom_button=&#8221;on&#8221; button_text_size=&#8221;14px&#8221; button_text_color=&#8221;#ffffff&#8221; button_bg_color=&#8221;#298042&#8243; button_border_width=&#8221;0px&#8221; button_border_radius=&#8221;100px&#8221; button_letter_spacing=&#8221;1px&#8221; button_font=&#8221;Poppins|600||on|||||&#8221; button_use_icon=&#8221;off&#8221; background_layout=&#8221;dark&#8221; custom_padding=&#8221;10px|30px|10px|30px&#8221; button_letter_spacing_hover=&#8221;1px&#8221; locked=&#8221;off&#8221; global_colors_info=&#8221;{}&#8221; button_text_size__hover_enabled=&#8221;off&#8221; button_one_text_size__hover_enabled=&#8221;off&#8221; button_two_text_size__hover_enabled=&#8221;off&#8221; button_text_color__hover_enabled=&#8221;off&#8221; button_one_text_color__hover_enabled=&#8221;off&#8221; button_two_text_color__hover_enabled=&#8221;off&#8221; button_border_width__hover_enabled=&#8221;off&#8221; button_one_border_width__hover_enabled=&#8221;off&#8221; button_two_border_width__hover_enabled=&#8221;off&#8221; button_border_color__hover_enabled=&#8221;off&#8221; button_one_border_color__hover_enabled=&#8221;off&#8221; button_two_border_color__hover_enabled=&#8221;off&#8221; button_border_radius__hover_enabled=&#8221;off&#8221; button_one_border_radius__hover_enabled=&#8221;off&#8221; button_two_border_radius__hover_enabled=&#8221;off&#8221; button_letter_spacing__hover_enabled=&#8221;on&#8221; button_letter_spacing__hover=&#8221;1px&#8221; button_one_letter_spacing__hover_enabled=&#8221;off&#8221; button_two_letter_spacing__hover_enabled=&#8221;off&#8221; button_bg_color__hover_enabled=&#8221;off&#8221; button_one_bg_color__hover_enabled=&#8221;off&#8221; button_two_bg_color__hover_enabled=&#8221;off&#8221;][\/et_pb_button][\/et_pb_column][et_pb_column type=&#8221;1_2&#8243; _builder_version=&#8221;4.17.4&#8243; _module_preset=&#8221;default&#8221; global_colors_info=&#8221;{}&#8221;][et_pb_image src=&#8221;https:\/\/3joint-inteo.umh.es\/files\/2025\/06\/Programa-3joint.png&#8221; title_text=&#8221;Programa-3joint&#8221; show_bottom_space=&#8221;off&#8221; _builder_version=&#8221;4.17.4&#8243; _module_preset=&#8221;default&#8221; max_width=&#8221;400px&#8221; module_alignment=&#8221;center&#8221; custom_margin=&#8221;7px||5px|||&#8221; animation_direction=&#8221;left&#8221; always_center_on_mobile=&#8221;off&#8221; global_colors_info=&#8221;{}&#8221;][\/et_pb_image][\/et_pb_column][\/et_pb_row][\/et_pb_section][et_pb_section fb_built=&#8221;1&#8243; admin_label=&#8221;Hero section&#8221; _builder_version=&#8221;4.17.4&#8243; _module_preset=&#8221;default&#8221; use_background_color_gradient=&#8221;on&#8221; background_color_gradient_stops=&#8221;rgba(123,178,135,0.61) 0%|rgba(63,135,82,0.61) 100%&#8221; background_color_gradient_overlays_image=&#8221;on&#8221; background_color_gradient_start=&#8221;rgba(150,105,97,0.67)&#8221; background_color_gradient_end=&#8221;rgba(2,0,76,0.84)&#8221; background_image=&#8221;https:\/\/3joint-inteo.umh.es\/files\/2025\/06\/Fondo-Web-III-Jornadas-Inteo-Fondo-Transparente-1920x1080px.png&#8221; background_position=&#8221;top_center&#8221; custom_margin=&#8221;|||&#8221; custom_padding=&#8221;1.4%||0.6%|||&#8221; global_colors_info=&#8221;{}&#8221;][et_pb_row _builder_version=&#8221;4.17.4&#8243; _module_preset=&#8221;default&#8221; custom_margin=&#8221;|||&#8221; global_colors_info=&#8221;{}&#8221;][et_pb_column type=&#8221;4_4&#8243; _builder_version=&#8221;4.16&#8243; _module_preset=&#8221;default&#8221; custom_padding=&#8221;|||&#8221; global_colors_info=&#8221;{}&#8221; custom_padding__hover=&#8221;|||&#8221;][et_pb_cta title=&#8221;\u00a1Inscr\u00edbete ahora!&#8221; button_url=&#8221;@ET-DC@eyJkeW5hbWljIjp0cnVlLCJjb250ZW50IjoicG9zdF9saW5rX3VybF9wYWdlIiwic2V0dGluZ3MiOnsicG9zdF9pZCI6IjUzOSJ9fQ==@&#8221; button_text=&#8221;Inscripciones&#8221; _builder_version=&#8221;4.17.4&#8243; _dynamic_attributes=&#8221;button_url,link_option_url&#8221; _module_preset=&#8221;default&#8221; header_font=&#8221;Lato|900||on|||||&#8221; header_font_size=&#8221;48px&#8221; header_letter_spacing=&#8221;2px&#8221; header_line_height=&#8221;1.2em&#8221; body_font=&#8221;Lato||||||||&#8221; body_font_size=&#8221;20px&#8221; body_line_height=&#8221;1.8em&#8221; use_background_color=&#8221;off&#8221; custom_button=&#8221;on&#8221; button_text_size=&#8221;16px&#8221; button_text_color=&#8221;#ffffff&#8221; button_bg_color=&#8221;#298042&#8243; button_border_width=&#8221;6px&#8221; button_border_color=&#8221;#298042&#8243; button_border_radius=&#8221;5px&#8221; button_letter_spacing=&#8221;2px&#8221; button_font=&#8221;Lato|900||on|||||&#8221; max_width=&#8221;750px&#8221; module_alignment=&#8221;center&#8221; custom_margin=&#8221;||10px|-13px|false|false&#8221; link_option_url=&#8221;@ET-DC@eyJkeW5hbWljIjp0cnVlLCJjb250ZW50IjoicG9zdF9saW5rX3VybF9wYWdlIiwic2V0dGluZ3MiOnsicG9zdF9pZCI6IjUzOSJ9fQ==@&#8221; header_font_size_tablet=&#8221;40px&#8221; header_font_size_phone=&#8221;&#8221; header_font_size_last_edited=&#8221;on|tablet&#8221; header_text_shadow_style=&#8221;preset1&#8243; header_text_shadow_blur_strength=&#8221;0.6em&#8221; header_text_shadow_color=&#8221;rgba(0,0,0,0.24)&#8221; button_letter_spacing_hover=&#8221;2px&#8221; global_colors_info=&#8221;{}&#8221; button_text_size__hover_enabled=&#8221;off&#8221; button_one_text_size__hover_enabled=&#8221;off&#8221; button_two_text_size__hover_enabled=&#8221;off&#8221; button_text_color__hover_enabled=&#8221;off&#8221; button_one_text_color__hover_enabled=&#8221;off&#8221; button_two_text_color__hover_enabled=&#8221;off&#8221; button_border_width__hover_enabled=&#8221;off&#8221; button_one_border_width__hover_enabled=&#8221;off&#8221; button_two_border_width__hover_enabled=&#8221;off&#8221; button_border_color__hover_enabled=&#8221;off&#8221; button_one_border_color__hover_enabled=&#8221;off&#8221; button_two_border_color__hover_enabled=&#8221;off&#8221; button_border_radius__hover_enabled=&#8221;off&#8221; button_one_border_radius__hover_enabled=&#8221;off&#8221; button_two_border_radius__hover_enabled=&#8221;off&#8221; button_letter_spacing__hover_enabled=&#8221;on&#8221; button_letter_spacing__hover=&#8221;2px&#8221; button_one_letter_spacing__hover_enabled=&#8221;off&#8221; button_two_letter_spacing__hover_enabled=&#8221;off&#8221; button_bg_color__hover_enabled=&#8221;off&#8221; button_one_bg_color__hover_enabled=&#8221;off&#8221; button_two_bg_color__hover_enabled=&#8221;off&#8221;]<\/p>\n<p>\u00danete las <strong>III Jornadas Internacionales del Grupo InTeO<\/strong>, un espacio para compartir conocimiento, experiencias e innovaci\u00f3n en el \u00e1mbito de la ocupaci\u00f3n.<\/p>\n<p>[\/et_pb_cta][\/et_pb_column][\/et_pb_row][\/et_pb_section]<\/p>\n","protected":false},"excerpt":{"rendered":"<p>Ponentes Ponentes de las III Jornadas Internacionales InTeOdel 27 al 28 de noviembre de 2025.PonentesLa profesora Fisher es profesora distinguida em\u00e9rita de la Universidad Estatal de Colorado (EE. UU.) y profesora em\u00e9rita de la Universidad de Ume\u00e5 (Suecia). Sus m\u00e1s de 50 a\u00f1os de experiencia como terapeuta ocupacional, cient\u00edfica ocupacional y educadora la han inspirado [&hellip;]<\/p>\n","protected":false},"author":27939,"featured_media":0,"parent":0,"menu_order":0,"comment_status":"closed","ping_status":"closed","template":"","meta":{"_et_pb_use_builder":"on","_et_pb_old_content":"","_et_gb_content_width":"","_links_to":"","_links_to_target":""},"_links":{"self":[{"href":"https:\/\/3joint-inteo.umh.es\/ca\/wp-json\/wp\/v2\/pages\/1514"}],"collection":[{"href":"https:\/\/3joint-inteo.umh.es\/ca\/wp-json\/wp\/v2\/pages"}],"about":[{"href":"https:\/\/3joint-inteo.umh.es\/ca\/wp-json\/wp\/v2\/types\/page"}],"author":[{"embeddable":true,"href":"https:\/\/3joint-inteo.umh.es\/ca\/wp-json\/wp\/v2\/users\/27939"}],"replies":[{"embeddable":true,"href":"https:\/\/3joint-inteo.umh.es\/ca\/wp-json\/wp\/v2\/comments?post=1514"}],"version-history":[{"count":0,"href":"https:\/\/3joint-inteo.umh.es\/ca\/wp-json\/wp\/v2\/pages\/1514\/revisions"}],"wp:attachment":[{"href":"https:\/\/3joint-inteo.umh.es\/ca\/wp-json\/wp\/v2\/media?parent=1514"}],"curies":[{"name":"wp","href":"https:\/\/api.w.org\/{rel}","templated":true}]}}